{"id":1271,"date":"2024-09-19T12:06:35","date_gmt":"2024-09-19T12:06:35","guid":{"rendered":"https:\/\/development.guardera.tech\/?page_id=1271"},"modified":"2026-02-12T16:38:12","modified_gmt":"2026-02-12T16:38:12","slug":"privatumo-politika","status":"publish","type":"page","link":"https:\/\/guardera.tech\/lt\/privatumo-politika\/","title":{"rendered":"Privatumo politika"},"content":{"rendered":"\r\n<h2 class=\"wp-block-heading\">Kas mes esame<\/h2>\r\n\r\n\r\n\r\n<p>M\u016bs\u0173 svetain\u0117s adresas yra: http:\/\/guardera.tech.<\/p>\r\n\r\n\r\n\r\n<h2 class=\"wp-block-heading\">Komentarai<\/h2>\r\n\r\n\r\n\r\n<p>Kai lankytojai palieka komentarus svetain\u0117je, mes renkame duomenis, pateiktus komentar\u0173 formoje, taip pat lankytojo IP adres\u0105 ir nar\u0161ykl\u0117s naudotojo agento eilut\u0119, kad pad\u0117tume aptikti \u0161lam\u0161t\u0105.<\/p>\r\n\r\n\r\n\r\n<p>Anonimizuota eilut\u0117, sukurta i\u0161 j\u016bs\u0173 el. pa\u0161to adreso (dar vadinama mai\u0161a), gali b\u016bti pateikta Gravatar paslaugai, kad patikrintume, ar j\u0105 naudojate. Gravatar paslaugos privatumo politika yra prieinama \u010dia: https:\/\/automattic.com\/privacy\/. Patvirtinus j\u016bs\u0173 komentar\u0105, j\u016bs\u0173 profilio nuotrauka bus matoma vie\u0161ai j\u016bs\u0173 komentaro kontekste.<\/p>\r\n\r\n\r\n\r\n<h2 class=\"wp-block-heading\">Medija<\/h2>\r\n\r\n\r\n\r\n<p>Jei \u012fkeliate vaizdus \u012f svetain\u0119, tur\u0117tum\u0117te vengti \u012fkelti vaizdus su \u012fterptais vietos duomenimis (EXIF GPS). Svetain\u0117s lankytojai gali atsisi\u0173sti ir i\u0161gauti bet kokius vietos duomenis i\u0161 svetain\u0117je esan\u010di\u0173 vaizd\u0173.<\/p>\r\n\r\n\r\n\r\n<h2 class=\"wp-block-heading\">Slapukai<\/h2>\r\n\r\n\r\n\r\n<p>Jei paliekate komentar\u0105 m\u016bs\u0173 svetain\u0117je, galite pasirinkti i\u0161saugoti savo vard\u0105, el. pa\u0161to adres\u0105 ir svetain\u0119 slapukuose. Tai yra j\u016bs\u0173 patogumui, kad jums nereik\u0117t\u0173 v\u0117l \u012fvesti savo duomen\u0173, kai paliekate kit\u0105 komentar\u0105. \u0160ie slapukai galios vienerius metus.<\/p>\r\n\r\n\r\n\r\n<p>Jei apsilankysite m\u016bs\u0173 prisijungimo puslapyje, nustatysime laikin\u0105 slapuk\u0105, kad nustatytume, ar j\u016bs\u0173 nar\u0161ykl\u0117 priima slapukus. \u0160is slapukas neturi joki\u0173 asmenini\u0173 duomen\u0173 ir bus i\u0161trintas, kai u\u017edarysite nar\u0161ykl\u0119.<\/p>\r\n\r\n\r\n\r\n<p>Kai prisijungsite, taip pat nustatysime kelis slapukus, kad i\u0161saugotume j\u016bs\u0173 prisijungimo informacij\u0105 ir ekrano rodymo pasirinkimus. Prisijungimo slapukai galioja dvi dienas, o ekrano parink\u010di\u0173 slapukai galioja vienerius metus. Jei pasirinksite \u201ePrisiminti mane\u201c, j\u016bs\u0173 prisijungimas galios dvi savaites. Jei atsijungsite nuo savo paskyros, prisijungimo slapukai bus pa\u0161alinti.<\/p>\r\n\r\n\r\n\r\n<p>Jei redaguojate arba publikuojate straipsn\u012f, j\u016bs\u0173 nar\u0161ykl\u0117je bus i\u0161saugotas papildomas slapukas. \u0160is slapukas neturi joki\u0173 asmenini\u0173 duomen\u0173 ir tiesiog nurodo k\u0105 tik redaguoto straipsnio \u012fra\u0161o ID. Jis nustos galioti po 1 dienos.<\/p>\r\n\r\n\r\n\r\n<h2 class=\"wp-block-heading\">\u012eterptasis turinys i\u0161 kit\u0173 svetaini\u0173<\/h2>\r\n\r\n\r\n\r\n<p>Straipsniuose \u0161ioje svetain\u0117je gali b\u016bti \u012fterpto turinio (pvz., vaizdo \u012fra\u0161ai, vaizdai, straipsniai ir kt.). \u012eterptasis turinys i\u0161 kit\u0173 svetaini\u0173 veikia lygiai taip pat, tarsi lankytojas b\u016bt\u0173 apsilank\u0119s kitoje svetain\u0117je.<\/p>\r\n\r\n\r\n\r\n<p>\u0160ios svetain\u0117s gali rinkti duomenis apie jus, naudoti slapukus, \u012fterpti papildom\u0105 tre\u010di\u0173j\u0173 \u0161ali\u0173 sekim\u0105 ir steb\u0117ti j\u016bs\u0173 s\u0105veik\u0105 su tuo \u012fterptuoju turiniu, \u012fskaitant j\u016bs\u0173 s\u0105veikos su \u012fterptuoju turiniu sekim\u0105, jei turite paskyr\u0105 ir esate prisijung\u0119 prie tos svetain\u0117s.<\/p>\r\n\r\n\r\n\r\n<h2 class=\"wp-block-heading\">Su kuo dalijam\u0117s j\u016bs\u0173 duomenimis<\/h2>\r\n\r\n\r\n\r\n<p>Jei pra\u0161ote atstatyti slapta\u017eod\u012f, j\u016bs\u0173 IP adresas bus \u012ftrauktas \u012f atstatymo el. lai\u0161k\u0105.<\/p>\r\n\r\n\r\n\r\n<h2 class=\"wp-block-heading\">Kaip ilgai saugome j\u016bs\u0173 duomenis<\/h2>\r\n\r\n\r\n\r\n<p>Jei paliekate komentar\u0105, komentaras ir jo metaduomenys saugomi neribot\u0105 laik\u0105. Tai daroma tam, kad gal\u0117tume automati\u0161kai atpa\u017einti ir patvirtinti bet kokius tolesnius komentarus, o ne laikyti juos moderavimo eil\u0117je.<\/p>\r\n\r\n\r\n\r\n<p>Vartotojams, kurie registruojasi m\u016bs\u0173 svetain\u0117je (jei toki\u0173 yra), taip pat saugome j\u0173 pateikt\u0105 asmenin\u0119 informacij\u0105 j\u0173 vartotojo profilyje. Visi vartotojai gali bet kada matyti, redaguoti arba i\u0161trinti savo asmenin\u0119 informacij\u0105 (i\u0161skyrus tai, kad jie negali pakeisti savo vartotojo vardo). Svetain\u0117s administratoriai taip pat gali matyti ir redaguoti \u0161i\u0105 informacij\u0105.<\/p>\r\n\r\n\r\n\r\n<h2 class=\"wp-block-heading\">Kokias teises turite d\u0117l savo duomen\u0173<\/h2>\r\n\r\n\r\n\r\n<p>Jei turite paskyr\u0105 \u0161ioje svetain\u0117je arba palikote komentar\u0173, galite pra\u0161yti gauti eksportuot\u0105 fail\u0105 su asmeniniais duomenimis, kuriuos apie jus turime, \u012fskaitant bet kokius j\u016bs\u0173 pateiktus duomenis. Taip pat galite pra\u0161yti, kad i\u0161trintume bet kokius j\u016bs\u0173 asmeninius duomenis, kuriuos turime. Tai neapima joki\u0173 duomen\u0173, kuriuos privalome saugoti administraciniais, teisiniais ar saugumo tikslais.<\/p>\r\n\r\n\r\n\r\n<h2 class=\"wp-block-heading\">Kur siun\u010diami j\u016bs\u0173 duomenys<\/h2>\r\n\r\n\r\n\r\n<p>Lankytoj\u0173 komentarai gali b\u016bti tikrinami per automatizuot\u0105 \u0161lam\u0161to aptikimo paslaug\u0105.<\/p>\r\n","protected":false},"excerpt":{"rendered":"<p>Kas mes esame M\u016bs\u0173 svetain\u0117s adresas yra: http:\/\/guardera.tech. Komentarai Kai lankytojai palieka komentarus svetain\u0117je, mes renkame duomenis, pateiktus komentar\u0173 formoje, taip pat [&hellip;]<\/p>\n","protected":false},"author":1,"featured_media":0,"parent":0,"menu_order":0,"comment_status":"closed","ping_status":"open","template":"","meta":{"footnotes":""},"class_list":["post-1271","page","type-page","status-publish","hentry"],"yoast_head":"<!-- This site is optimized with the Yoast SEO plugin v26.4 - https:\/\/yoast.com\/wordpress\/plugins\/seo\/ -->\n<title>Privatumo politika - guardera<\/title>\n<meta name=\"robots\" content=\"index, follow, max-snippet:-1, max-image-preview:large, max-video-preview:-1\" \/>\n<link rel=\"canonical\" href=\"https:\/\/guardera.tech\/lt\/privatumo-politika\/\" \/>\n<meta property=\"og:locale\" content=\"lt_LT\" \/>\n<meta property=\"og:type\" content=\"article\" \/>\n<meta property=\"og:title\" content=\"Privatumo politika - guardera\" \/>\n<meta property=\"og:description\" content=\"Kas mes esame M\u016bs\u0173 svetain\u0117s adresas yra: http:\/\/guardera.tech. Komentarai Kai lankytojai palieka komentarus svetain\u0117je, mes renkame duomenis, pateiktus komentar\u0173 formoje, taip pat [&hellip;]\" \/>\n<meta property=\"og:url\" content=\"https:\/\/guardera.tech\/lt\/privatumo-politika\/\" \/>\n<meta property=\"og:site_name\" content=\"guardera.tech\" \/>\n<meta property=\"article:modified_time\" content=\"2026-02-12T16:38:12+00:00\" \/>\n<meta property=\"og:image\" content=\"https:\/\/guardera.tech\/wp-content\/uploads\/2026\/02\/social-img-1.jpg\" \/>\n\t<meta property=\"og:image:width\" content=\"1200\" \/>\n\t<meta property=\"og:image:height\" content=\"630\" \/>\n\t<meta property=\"og:image:type\" content=\"image\/jpeg\" \/>\n<meta name=\"twitter:card\" content=\"summary_large_image\" \/>\n<meta name=\"twitter:label1\" content=\"Est. reading time\" \/>\n\t<meta name=\"twitter:data1\" content=\"3 minut\u0117s\" \/>\n<script type=\"application\/ld+json\" class=\"yoast-schema-graph\">{\"@context\":\"https:\/\/schema.org\",\"@graph\":[{\"@type\":\"WebPage\",\"@id\":\"https:\/\/guardera.tech\/lt\/privatumo-politika\/\",\"url\":\"https:\/\/guardera.tech\/lt\/privatumo-politika\/\",\"name\":\"Privatumo politika - guardera\",\"isPartOf\":{\"@id\":\"https:\/\/guardera.tech\/lt\/#website\"},\"datePublished\":\"2024-09-19T12:06:35+00:00\",\"dateModified\":\"2026-02-12T16:38:12+00:00\",\"breadcrumb\":{\"@id\":\"https:\/\/guardera.tech\/lt\/privatumo-politika\/#breadcrumb\"},\"inLanguage\":\"lt-LT\",\"potentialAction\":[{\"@type\":\"ReadAction\",\"target\":[\"https:\/\/guardera.tech\/lt\/privatumo-politika\/\"]}]},{\"@type\":\"BreadcrumbList\",\"@id\":\"https:\/\/guardera.tech\/lt\/privatumo-politika\/#breadcrumb\",\"itemListElement\":[{\"@type\":\"ListItem\",\"position\":1,\"name\":\"Pagrindinis\",\"item\":\"https:\/\/guardera.tech\/lt\/\"},{\"@type\":\"ListItem\",\"position\":2,\"name\":\"Privatumo politika\"}]},{\"@type\":\"WebSite\",\"@id\":\"https:\/\/guardera.tech\/lt\/#website\",\"url\":\"https:\/\/guardera.tech\/lt\/\",\"name\":\"Guardera - Making DORA & NIS2 Compliance Simple\",\"description\":\"\",\"publisher\":{\"@id\":\"https:\/\/guardera.tech\/lt\/#organization\"},\"potentialAction\":[{\"@type\":\"SearchAction\",\"target\":{\"@type\":\"EntryPoint\",\"urlTemplate\":\"https:\/\/guardera.tech\/lt\/?s={search_term_string}\"},\"query-input\":{\"@type\":\"PropertyValueSpecification\",\"valueRequired\":true,\"valueName\":\"search_term_string\"}}],\"inLanguage\":\"lt-LT\"},{\"@type\":\"Organization\",\"@id\":\"https:\/\/guardera.tech\/lt\/#organization\",\"name\":\"Guardera - DevSlate Group \u012fmoni\u0173 dalis\",\"url\":\"https:\/\/guardera.tech\/lt\/\",\"logo\":{\"@type\":\"ImageObject\",\"inLanguage\":\"lt-LT\",\"@id\":\"https:\/\/guardera.tech\/lt\/#\/schema\/logo\/image\/\",\"url\":\"https:\/\/guardera.tech\/wp-content\/uploads\/2026\/02\/social-img-1.jpg\",\"contentUrl\":\"https:\/\/guardera.tech\/wp-content\/uploads\/2026\/02\/social-img-1.jpg\",\"width\":1200,\"height\":630,\"caption\":\"Guardera - DevSlate Group \u012fmoni\u0173 dalis\"},\"image\":{\"@id\":\"https:\/\/guardera.tech\/lt\/#\/schema\/logo\/image\/\"}}]}<\/script>\n<!-- \/ Yoast SEO plugin. -->","yoast_head_json":{"title":"Privatumo politika - guardera","robots":{"index":"index","follow":"follow","max-snippet":"max-snippet:-1","max-image-preview":"max-image-preview:large","max-video-preview":"max-video-preview:-1"},"canonical":"https:\/\/guardera.tech\/lt\/privatumo-politika\/","og_locale":"lt_LT","og_type":"article","og_title":"Privatumo politika - guardera","og_description":"Kas mes esame M\u016bs\u0173 svetain\u0117s adresas yra: http:\/\/guardera.tech. Komentarai Kai lankytojai palieka komentarus svetain\u0117je, mes renkame duomenis, pateiktus komentar\u0173 formoje, taip pat [&hellip;]","og_url":"https:\/\/guardera.tech\/lt\/privatumo-politika\/","og_site_name":"guardera.tech","article_modified_time":"2026-02-12T16:38:12+00:00","og_image":[{"width":1200,"height":630,"url":"https:\/\/guardera.tech\/wp-content\/uploads\/2026\/02\/social-img-1.jpg","type":"image\/jpeg"}],"twitter_card":"summary_large_image","twitter_misc":{"Est. reading time":"3 minut\u0117s"},"schema":{"@context":"https:\/\/schema.org","@graph":[{"@type":"WebPage","@id":"https:\/\/guardera.tech\/lt\/privatumo-politika\/","url":"https:\/\/guardera.tech\/lt\/privatumo-politika\/","name":"Privatumo politika - guardera","isPartOf":{"@id":"https:\/\/guardera.tech\/lt\/#website"},"datePublished":"2024-09-19T12:06:35+00:00","dateModified":"2026-02-12T16:38:12+00:00","breadcrumb":{"@id":"https:\/\/guardera.tech\/lt\/privatumo-politika\/#breadcrumb"},"inLanguage":"lt-LT","potentialAction":[{"@type":"ReadAction","target":["https:\/\/guardera.tech\/lt\/privatumo-politika\/"]}]},{"@type":"BreadcrumbList","@id":"https:\/\/guardera.tech\/lt\/privatumo-politika\/#breadcrumb","itemListElement":[{"@type":"ListItem","position":1,"name":"Pagrindinis","item":"https:\/\/guardera.tech\/lt\/"},{"@type":"ListItem","position":2,"name":"Privatumo politika"}]},{"@type":"WebSite","@id":"https:\/\/guardera.tech\/lt\/#website","url":"https:\/\/guardera.tech\/lt\/","name":"Guardera - Making DORA & NIS2 Compliance Simple","description":"","publisher":{"@id":"https:\/\/guardera.tech\/lt\/#organization"},"potentialAction":[{"@type":"SearchAction","target":{"@type":"EntryPoint","urlTemplate":"https:\/\/guardera.tech\/lt\/?s={search_term_string}"},"query-input":{"@type":"PropertyValueSpecification","valueRequired":true,"valueName":"search_term_string"}}],"inLanguage":"lt-LT"},{"@type":"Organization","@id":"https:\/\/guardera.tech\/lt\/#organization","name":"Guardera - DevSlate Group \u012fmoni\u0173 dalis","url":"https:\/\/guardera.tech\/lt\/","logo":{"@type":"ImageObject","inLanguage":"lt-LT","@id":"https:\/\/guardera.tech\/lt\/#\/schema\/logo\/image\/","url":"https:\/\/guardera.tech\/wp-content\/uploads\/2026\/02\/social-img-1.jpg","contentUrl":"https:\/\/guardera.tech\/wp-content\/uploads\/2026\/02\/social-img-1.jpg","width":1200,"height":630,"caption":"Guardera - DevSlate Group \u012fmoni\u0173 dalis"},"image":{"@id":"https:\/\/guardera.tech\/lt\/#\/schema\/logo\/image\/"}}]}},"_links":{"self":[{"href":"https:\/\/guardera.tech\/lt\/wp-json\/wp\/v2\/pages\/1271","targetHints":{"allow":["GET"]}}],"collection":[{"href":"https:\/\/guardera.tech\/lt\/wp-json\/wp\/v2\/pages"}],"about":[{"href":"https:\/\/guardera.tech\/lt\/wp-json\/wp\/v2\/types\/page"}],"author":[{"embeddable":true,"href":"https:\/\/guardera.tech\/lt\/wp-json\/wp\/v2\/users\/1"}],"replies":[{"embeddable":true,"href":"https:\/\/guardera.tech\/lt\/wp-json\/wp\/v2\/comments?post=1271"}],"version-history":[{"count":3,"href":"https:\/\/guardera.tech\/lt\/wp-json\/wp\/v2\/pages\/1271\/revisions"}],"predecessor-version":[{"id":1974,"href":"https:\/\/guardera.tech\/lt\/wp-json\/wp\/v2\/pages\/1271\/revisions\/1974"}],"wp:attachment":[{"href":"https:\/\/guardera.tech\/lt\/wp-json\/wp\/v2\/media?parent=1271"}],"curies":[{"name":"wp","href":"https:\/\/api.w.org\/{rel}","templated":true}]}}